{"id":27,"date":"2020-08-04T22:25:12","date_gmt":"2020-08-04T21:25:12","guid":{"rendered":"http:\/\/eldkvarnsvartblogg.nu\/?page_id=27"},"modified":"2020-08-04T22:25:12","modified_gmt":"2020-08-04T21:25:12","slug":"om-sajten","status":"publish","type":"page","link":"http:\/\/eldkvarnsvartblogg.nu\/?page_id=27","title":{"rendered":"Om sajten"},"content":{"rendered":"<p>Enda sedan barnsben har jag f\u00e5tt l\u00e4ra mig att man ska sl\u00e4nga skr\u00e4p d\u00e4r det h\u00f6r hemma. Har man problem med bilen s\u00e5 kavlar man upp armarna och l\u00f6ser det sj\u00e4lv, man tar inte hj\u00e4lp utifr\u00e5n. Man tar inte den l\u00e4tta v\u00e4gen utan den sv\u00e5ra v\u00e4gen, alltid! V\u00e4lkommen till bloggen d\u00e4r du f\u00e5r l\u00e4sa om allt mellan himmel och jord, milj\u00f6 musik och bilar \u00e4r det som ligger mig n\u00e4rmast om hj\u00e4rtat. Var sn\u00e4lla emot varandra och skriv g\u00e4rna till mig om ni har n\u00e5gra \u00e5sikter kring mina inl\u00e4gg.<\/p>\n<p>\/Roger<\/p>\n","protected":false},"excerpt":{"rendered":"<p>Enda sedan barnsben har jag f\u00e5tt l\u00e4ra mig att man ska sl\u00e4nga skr\u00e4p d\u00e4r det h\u00f6r hemma. Har man problem [&hellip;]<\/p>\n","protected":false},"author":1,"featured_media":0,"parent":0,"menu_order":0,"comment_status":"closed","ping_status":"closed","template":"","meta":[],"_links":{"self":[{"href":"http:\/\/eldkvarnsvartblogg.nu\/index.php?rest_route=\/wp\/v2\/pages\/27"}],"collection":[{"href":"http:\/\/eldkvarnsvartblogg.nu\/index.php?rest_route=\/wp\/v2\/pages"}],"about":[{"href":"http:\/\/eldkvarnsvartblogg.nu\/index.php?rest_route=\/wp\/v2\/types\/page"}],"author":[{"embeddable":true,"href":"http:\/\/eldkvarnsvartblogg.nu\/index.php?rest_route=\/wp\/v2\/users\/1"}],"replies":[{"embeddable":true,"href":"http:\/\/eldkvarnsvartblogg.nu\/index.php?rest_route=%2Fwp%2Fv2%2Fcomments&post=27"}],"version-history":[{"count":1,"href":"http:\/\/eldkvarnsvartblogg.nu\/index.php?rest_route=\/wp\/v2\/pages\/27\/revisions"}],"predecessor-version":[{"id":28,"href":"http:\/\/eldkvarnsvartblogg.nu\/index.php?rest_route=\/wp\/v2\/pages\/27\/revisions\/28"}],"wp:attachment":[{"href":"http:\/\/eldkvarnsvartblogg.nu\/index.php?rest_route=%2Fwp%2Fv2%2Fmedia&parent=27"}],"curies":[{"name":"wp","href":"https:\/\/api.w.org\/{rel}","templated":true}]}}